{"id":137,"date":"2014-11-18T17:12:34","date_gmt":"2014-11-18T16:12:34","guid":{"rendered":"http:\/\/www.campingwarandebvba.be\/?page_id=137"},"modified":"2019-04-19T17:53:10","modified_gmt":"2019-04-19T16:53:10","slug":"einrichtungen","status":"publish","type":"page","link":"https:\/\/campingwarandebvba.be\/de\/einrichtungen\/","title":{"rendered":"Einrichtungen"},"content":{"rendered":"<ul>\n<li>Moderne sanit\u00e4re Einrichtungen<\/li>\n<li>Babycorner<\/li>\n<li>Duschen mit Regelthermostat<\/li>\n<li>warmes Wasser zum Geschirrsp\u00fclen<\/li>\n<li>Waschsalon<\/li>\n<li>2 Spielpl\u00e4tze f\u00fcr die Kinder<\/li>\n<li>Petanquespiele<\/li>\n<li>\u00fcberwachtes Gel\u00e4nde<\/li>\n<li>wifi verf\u00fcgbar: <a href=\"https:\/\/internet.citymesh.com\/tarieven\" target=\"_blank\" rel=\"noopener noreferrer\">Preise<\/a><\/li>\n<li>Camper Service Bereich<\/li>\n<\/ul>\n","protected":false},"excerpt":{"rendered":"<p>Moderne sanit\u00e4re Einrichtungen Babycorner Duschen mit Regelthermostat warmes Wasser zum Geschirrsp\u00fclen Waschsalon 2 Spielpl\u00e4tze f\u00fcr die Kinder Petanquespiele \u00fcberwachtes Gel\u00e4nde<a class=\"readmore\" href=\"https:\/\/campingwarandebvba.be\/de\/einrichtungen\/\">N\u00e4here Einzelheiten &raquo;<\/a><\/p>\n","protected":false},"author":2,"featured_media":0,"parent":0,"menu_order":3,"comment_status":"closed","ping_status":"closed","template":"","meta":{"ngg_post_thumbnail":0,"footnotes":""},"class_list":["post-137","page","type-page","status-publish","hentry"],"_links":{"self":[{"href":"https:\/\/campingwarandebvba.be\/de\/wp-json\/wp\/v2\/pages\/137","targetHints":{"allow":["GET"]}}],"collection":[{"href":"https:\/\/campingwarandebvba.be\/de\/wp-json\/wp\/v2\/pages"}],"about":[{"href":"https:\/\/campingwarandebvba.be\/de\/wp-json\/wp\/v2\/types\/page"}],"author":[{"embeddable":true,"href":"https:\/\/campingwarandebvba.be\/de\/wp-json\/wp\/v2\/users\/2"}],"replies":[{"embeddable":true,"href":"https:\/\/campingwarandebvba.be\/de\/wp-json\/wp\/v2\/comments?post=137"}],"version-history":[{"count":8,"href":"https:\/\/campingwarandebvba.be\/de\/wp-json\/wp\/v2\/pages\/137\/revisions"}],"predecessor-version":[{"id":999,"href":"https:\/\/campingwarandebvba.be\/de\/wp-json\/wp\/v2\/pages\/137\/revisions\/999"}],"wp:attachment":[{"href":"https:\/\/campingwarandebvba.be\/de\/wp-json\/wp\/v2\/media?parent=137"}],"curies":[{"name":"wp","href":"https:\/\/api.w.org\/{rel}","templated":true}]}}