{"id":101,"date":"2014-11-18T16:46:17","date_gmt":"2014-11-18T15:46:17","guid":{"rendered":"http:\/\/www.campingwarandebvba.be\/?page_id=101"},"modified":"2023-04-12T16:23:18","modified_gmt":"2023-04-12T14:23:18","slug":"alentours","status":"publish","type":"page","link":"https:\/\/campingwarandebvba.be\/fr\/alentours\/","title":{"rendered":"Alentours"},"content":{"rendered":"<p>Dans les environs du Camping Warande vous trouvez un \u00e9ventail d&rsquo;options pour vous d\u00e9tendre. Vous pouvez promener pendant des heures dans les dunes ou prendre le transport en commun pour visiter les villes dans la proximit\u00e9. La mer vous garantit du plaisir pour enfants et adultes.<\/p>\n<p>Vous trouverez \u00e9galement de nombreux magasins (Delhaize, Albert Hein, Lidl, &#8230;) et des restaurants.<\/p>\n<p>Vous trouverez ci-dessous une liste compl\u00e8te de liens int\u00e9ressants pour planifier vos vacances.<\/p>\n<p>O\u00f9 puis-je trouver un restaurant? Qu&rsquo;y a-t-il \u00e0 exp\u00e9rimenter? Que puis-je visiter?<\/p>\n<table class=\" alignleft\" style=\"height: 1425px;\" width=\"803\">\n<tbody>\n<tr>\n<td>\n<blockquote><p><strong>Bredene<\/strong><\/p><\/blockquote>\n<blockquote><p><a href=\"https:\/\/www.bredene.be\/fr\/homepage-tourisme\" target=\"_blank\" rel=\"noopener noreferrer\">Site de la commune de Bredene<\/a><\/p><\/blockquote>\n<h3><\/h3>\n<\/td>\n<\/tr>\n<tr>\n<td>\n<h3><\/h3>\n<hr \/>\n<blockquote><p><strong>Guide c\u00f4tier<\/strong><\/p>\n<p><strong><br \/>\n<a href=\"https:\/\/www.lelittoral.be\/faire\/activites\" target=\"_blank\" rel=\"noopener noreferrer\"><img loading=\"lazy\" decoding=\"async\" class=\"alignnone wp-image-246\" src=\"https:\/\/campingwarandebvba.be\/wp-content\/uploads\/2014\/11\/Itrip-300x248.png\" alt=\"Itrip\" width=\"214\" height=\"177\" srcset=\"https:\/\/campingwarandebvba.be\/wp-content\/uploads\/2014\/11\/Itrip-300x248.png 300w, https:\/\/campingwarandebvba.be\/wp-content\/uploads\/2014\/11\/Itrip.png 314w\" sizes=\"auto, (max-width: 214px) 100vw, 214px\" \/><\/a><br \/>\n<\/strong><\/p><\/blockquote>\n<\/td>\n<\/tr>\n<tr>\n<td>\n<blockquote>\n<hr \/>\n<p>&nbsp;<\/p><\/blockquote>\n<p><strong>Conseils de marche et de cyclisme pour nos clients:<\/strong><\/p>\n<p><a href=\"https:\/\/www.bredene.be\/fr\/que-faire\/bouger-faire-du-sport\/depliant-des-randonnees-de-la-commune\" target=\"_blank\" rel=\"noopener\">Guide de randonn\u00e9es de Bredene<\/a><\/p>\n<p><a href=\"https:\/\/west-vlinderen.be\/routes\/\" target=\"_blank\" rel=\"noopener noreferrer\">Autres conseils pour la randonn\u00e9e et le cyclisme<\/a><\/td>\n<\/tr>\n<tr>\n<td>\n<blockquote>\n<hr \/>\n<p><strong>Attractions<\/strong><\/p>\n<p>La passe c\u00f4tier gratuit que vous pouvez obtenir \u00e0 la r\u00e9ception et t\u00e9l\u00e9charger ici vous offre jusqu&rsquo;\u00e0<br \/>\n\u20ac 300\u00a0 de r\u00e9duction.<\/p>\n<p><a href=\"https:\/\/www.kustpas.be\/?lang=fr\" target=\"_blank\" rel=\"noopener noreferrer\"><img loading=\"lazy\" decoding=\"async\" class=\" alignleft wp-image-247\" src=\"https:\/\/campingwarandebvba.be\/wp-content\/uploads\/2014\/11\/kustpas-300x234.png\" alt=\"kustpas\" width=\"197\" height=\"153\" \/><\/a><\/p><\/blockquote>\n<\/td>\n<\/tr>\n<tr>\n<td>\n<hr \/>\n<p><strong>Informations sur la c\u00f4te<\/strong><\/p>\n<p><a href=\"https:\/\/www.lelittoral.be\" target=\"_blank\" rel=\"noopener noreferrer\"><img loading=\"lazy\" decoding=\"async\" class=\"alignnone wp-image-249\" src=\"https:\/\/campingwarandebvba.be\/wp-content\/uploads\/2014\/11\/LogoDeKust-300x158.png\" alt=\"LogoDeKust\" width=\"224\" height=\"118\" srcset=\"https:\/\/campingwarandebvba.be\/wp-content\/uploads\/2014\/11\/LogoDeKust-300x158.png 300w, https:\/\/campingwarandebvba.be\/wp-content\/uploads\/2014\/11\/LogoDeKust.png 322w\" sizes=\"auto, (max-width: 224px) 100vw, 224px\" \/><\/a><\/td>\n<\/tr>\n<tr>\n<td><\/td>\n<\/tr>\n<\/tbody>\n<\/table>\n<p>&nbsp;<\/p>\n<p>&nbsp;<\/p>\n<p>&nbsp;<\/p>\n<p>&nbsp;<\/p>\n","protected":false},"excerpt":{"rendered":"<p>La proximit\u00e9 de la plage, des dunes, la mer et culture assureront des vacances sans un moment d&rsquo; ennui. Plaisir pour tout le monde.<\/p>\n","protected":false},"author":2,"featured_media":43,"parent":0,"menu_order":4,"comment_status":"closed","ping_status":"closed","template":"","meta":{"ngg_post_thumbnail":0,"footnotes":""},"class_list":["post-101","page","type-page","status-publish","has-post-thumbnail","hentry"],"_links":{"self":[{"href":"https:\/\/campingwarandebvba.be\/fr\/wp-json\/wp\/v2\/pages\/101","targetHints":{"allow":["GET"]}}],"collection":[{"href":"https:\/\/campingwarandebvba.be\/fr\/wp-json\/wp\/v2\/pages"}],"about":[{"href":"https:\/\/campingwarandebvba.be\/fr\/wp-json\/wp\/v2\/types\/page"}],"author":[{"embeddable":true,"href":"https:\/\/campingwarandebvba.be\/fr\/wp-json\/wp\/v2\/users\/2"}],"replies":[{"embeddable":true,"href":"https:\/\/campingwarandebvba.be\/fr\/wp-json\/wp\/v2\/comments?post=101"}],"version-history":[{"count":10,"href":"https:\/\/campingwarandebvba.be\/fr\/wp-json\/wp\/v2\/pages\/101\/revisions"}],"predecessor-version":[{"id":1011,"href":"https:\/\/campingwarandebvba.be\/fr\/wp-json\/wp\/v2\/pages\/101\/revisions\/1011"}],"wp:featuredmedia":[{"embeddable":true,"href":"https:\/\/campingwarandebvba.be\/fr\/wp-json\/wp\/v2\/media\/43"}],"wp:attachment":[{"href":"https:\/\/campingwarandebvba.be\/fr\/wp-json\/wp\/v2\/media?parent=101"}],"curies":[{"name":"wp","href":"https:\/\/api.w.org\/{rel}","templated":true}]}}