{"id":103,"date":"2014-11-18T16:54:00","date_gmt":"2014-11-18T15:54:00","guid":{"rendered":"http:\/\/www.campingwarandebvba.be\/?page_id=103"},"modified":"2026-03-15T14:46:18","modified_gmt":"2026-03-15T13:46:18","slug":"prix","status":"publish","type":"page","link":"https:\/\/campingwarandebvba.be\/fr\/prix\/","title":{"rendered":"Prix"},"content":{"rendered":"<h2>Prix 2026<\/h2>\n<h3>Caravane tractable \/ Mobilhome<\/h3>\n<table class=\"prijzen\" width=\"100%\" cellspacing=\"0\" cellpadding=\"0\">\n<tbody>\n<tr>\n<td width=\"87%\"><strong>P\u00e9riode &#8211; prix par nuit<\/strong><\/td>\n<td style=\"text-align: center;\" width=\"3%\"><\/td>\n<td style=\"text-align: right;\" width=\"10%\"><\/td>\n<\/tr>\n<tr>\n<td>01\/07 &#8211; 31\/08<\/td>\n<td style=\"text-align: center;\">\u20ac<\/td>\n<td style=\"text-align: right;\">23,50<\/td>\n<\/tr>\n<tr>\n<td>P\u00e2ques \/ Ascension\/ Pentec\u00f4te<\/td>\n<td style=\"text-align: center;\">\u20ac<\/td>\n<td style=\"text-align: right;\">23,50<\/td>\n<\/tr>\n<tr>\n<td>Autres mois<\/td>\n<td style=\"text-align: center;\">\u20ac<\/td>\n<td style=\"text-align: right;\">17,00<\/td>\n<\/tr>\n<tr>\n<td>Suppl\u00e9ment adulte<\/td>\n<td style=\"text-align: center;\">\u20ac<\/td>\n<td style=\"text-align: right;\">3,50<\/td>\n<\/tr>\n<tr>\n<td>Suppl\u00e9m\u00e9nt enfant<\/td>\n<td style=\"text-align: center;\">\u20ac<\/td>\n<td style=\"text-align: right;\">2,50<\/td>\n<\/tr>\n<tr>\n<td>Prix minimum juillet \/ ao\u00fbt &amp; P\u00e2ques \/ Ascension\/ Pentec\u00f4te<\/td>\n<td style=\"text-align: center;\">\u20ac<\/td>\n<td style=\"text-align: right;\">30,50<\/td>\n<\/tr>\n<tr>\n<td>Chien<\/td>\n<td style=\"text-align: center;\">\u20ac<\/td>\n<td style=\"text-align: right;\">3,00<\/td>\n<\/tr>\n<tr>\n<td><strong>Premi\u00e8re nuit<\/strong><\/td>\n<td style=\"text-align: center;\"><\/td>\n<td style=\"text-align: right;\"><\/td>\n<\/tr>\n<tr>\n<td>Suppl\u00e9ment mobilhome<\/td>\n<td style=\"text-align: center;\">\u20ac<\/td>\n<td style=\"text-align: right;\">2,00<\/td>\n<\/tr>\n<\/tbody>\n<\/table>\n<table class=\"prijzen\" width=\"100%\" cellspacing=\"0\" cellpadding=\"0\">\n<tbody>\n<tr>\n<td width=\"87%\"><strong>Prix par mois<\/strong><\/td>\n<td style=\"text-align: center;\" width=\"3%\"><\/td>\n<td style=\"text-align: right;\" width=\"10%\"><\/td>\n<\/tr>\n<tr>\n<td>juillet &#8211; ao\u00fbt<\/td>\n<td style=\"text-align: center;\">\u20ac<\/td>\n<td style=\"text-align: right;\">860,00<\/td>\n<\/tr>\n<tr>\n<td>Autres mois<\/td>\n<td style=\"text-align: center;\">\u20ac<\/td>\n<td style=\"text-align: right;\">486,00<\/td>\n<\/tr>\n<\/tbody>\n<\/table>\n<table class=\"prijzen\" width=\"100%\" cellspacing=\"0\" cellpadding=\"0\">\n<tbody>\n<tr>\n<td width=\"87%\"><strong>Prix par saison (01\/04 &#8211; 15\/10)<\/strong><\/td>\n<td style=\"text-align: center;\" width=\"3%\"><\/td>\n<td style=\"text-align: right;\" width=\"10%\"><\/td>\n<\/tr>\n<tr>\n<td>100 m<sup>2<\/sup><\/td>\n<td style=\"text-align: center;\">\u20ac<\/td>\n<td style=\"text-align: right;\">2 060,37<\/td>\n<\/tr>\n<\/tbody>\n<\/table>\n<p><em>(compris: \u20ac 185,92 taxe communale)<\/em><\/p>\n<h3>Tente (&lt;4m\u00b2)<\/h3>\n<table class=\"prijzen\" style=\"width: 100%; height: 100px;\" width=\"100%\" cellspacing=\"0\" cellpadding=\"0\">\n<tbody>\n<tr style=\"height: 20px;\">\n<td style=\"height: 20px;\" width=\"87%\">Prix par nuit juillet &#8211; ao\u00fbt<\/td>\n<td style=\"text-align: center; height: 20px;\" width=\"3%\">\u20ac<\/td>\n<td style=\"text-align: right; height: 20px;\" width=\"10%\">18,00<\/td>\n<\/tr>\n<tr style=\"height: 20px;\">\n<td style=\"height: 20px;\" width=\"87%\">Prix par nuit autres mois<\/td>\n<td style=\"text-align: center; height: 20px;\" width=\"3%\">\u20ac<\/td>\n<td style=\"text-align: right; height: 20px;\" width=\"10%\">12,00<\/td>\n<\/tr>\n<tr style=\"height: 20px;\">\n<td style=\"height: 20px;\">Suppl\u00e9ment adulte<\/td>\n<td style=\"text-align: center; height: 20px;\">\u20ac<\/td>\n<td style=\"text-align: right; height: 20px;\">3,50<\/td>\n<\/tr>\n<tr style=\"height: 20px;\">\n<td style=\"height: 20px;\">Suppl\u00e9m\u00e9nt enfant<\/td>\n<td style=\"text-align: center; height: 20px;\">\u20ac<\/td>\n<td style=\"text-align: right; height: 20px;\">2,50<\/td>\n<\/tr>\n<tr>\n<td>Suppl\u00e9ment voiture<\/td>\n<td style=\"text-align: center;\">\u20ac<\/td>\n<td style=\"text-align: right;\">5,50<\/td>\n<\/tr>\n<tr style=\"height: 20px;\">\n<td style=\"height: 20px;\">Chien<\/td>\n<td style=\"text-align: center; height: 20px;\">\u20ac<\/td>\n<td style=\"text-align: right; height: 20px;\">3,00<\/td>\n<\/tr>\n<\/tbody>\n<\/table>\n<h3>Pas compris<\/h3>\n<table class=\"prijzen\" style=\"width: 100%; height: 180px;\" width=\"100%\" cellspacing=\"0\" cellpadding=\"0\">\n<tbody>\n<tr style=\"height: 20px;\">\n<td style=\"height: 20px;\" width=\"87%\"><strong>Par an-Par saison<\/strong><\/td>\n<td style=\"text-align: center; height: 20px;\" width=\"3%\"><\/td>\n<td style=\"text-align: right; height: 20px;\" width=\"10%\"><\/td>\n<\/tr>\n<tr style=\"height: 20px;\">\n<td style=\"height: 20px;\">Forfait deuxi\u00e8me famille<\/td>\n<td style=\"text-align: center; height: 20px;\">\u20ac<\/td>\n<td style=\"text-align: right; height: 20px;\">147,00<\/td>\n<\/tr>\n<tr style=\"height: 20px;\">\n<td style=\"height: 20px;\">Du deuxi\u00e8me chien<\/td>\n<td style=\"text-align: center; height: 20px;\">\u20ac<\/td>\n<td style=\"text-align: right; height: 20px;\">32,00<\/td>\n<\/tr>\n<tr style=\"height: 20px;\">\n<td style=\"height: 20px;\"><strong>Selon la consommation<\/strong><\/td>\n<td style=\"text-align: center; height: 20px;\"><\/td>\n<td style=\"text-align: right; height: 20px;\"><\/td>\n<\/tr>\n<tr style=\"height: 20px;\">\n<td style=\"height: 20px;\">Electricit\u00e9 (par Kw)<br \/>\n<sub>*changement possible li\u00e9 \u00e0 l&rsquo;augmentation du prix de l&rsquo;\u00e9nergie<\/sub><\/td>\n<td style=\"text-align: center; height: 20px;\">\u20ac<\/td>\n<td style=\"text-align: right; height: 20px;\">0,65<\/td>\n<\/tr>\n<tr style=\"height: 20px;\">\n<td style=\"height: 20px;\">Parking (par nuit)<\/td>\n<td style=\"text-align: center; height: 20px;\">\u20ac<\/td>\n<td style=\"text-align: right; height: 20px;\">5,50<\/td>\n<\/tr>\n<tr style=\"height: 20px;\">\n<td style=\"height: 20px;\">Douche chaude (12 minutes)<\/td>\n<td style=\"text-align: center; height: 20px;\">\u20ac<\/td>\n<td style=\"text-align: right; height: 20px;\">2 x 0,50<\/td>\n<\/tr>\n<tr style=\"height: 20px;\">\n<td style=\"height: 20px;\">Douche chaude (18 minutes)<\/td>\n<td style=\"text-align: center; height: 20px;\">\u20ac<\/td>\n<td style=\"text-align: right; height: 20px;\">3 x 0,50<\/td>\n<\/tr>\n<tr style=\"height: 20px;\">\n<td style=\"height: 20px;\">sac a poubelle \u00ab\u00a0camping\u00a0\u00bb &#8211; obligatoire<\/td>\n<td style=\"text-align: center; height: 20px;\">\u20ac<\/td>\n<td style=\"text-align: right; height: 20px;\">1 \/ 1,50<\/td>\n<\/tr>\n<\/tbody>\n<\/table>\n<h3>Garantie<\/h3>\n<table class=\"prijzen\" width=\"100%\" cellspacing=\"0\" cellpadding=\"0\">\n<tbody>\n<tr>\n<td width=\"87%\">Carte d\u2019acces voiture<\/td>\n<td style=\"text-align: center;\" width=\"3%\">\u20ac<\/td>\n<td style=\"text-align: right;\" width=\"10%\">25,00<\/td>\n<\/tr>\n<\/tbody>\n<\/table>\n<h3>Attention<\/h3>\n<ul>\n<li>Les prix forfaitaires sont indivisibles<\/li>\n<li>D\u00e9part avant 11 heures. Apr\u00e8s 11 heures = nuit suppl\u00e9mentaire \u00e0 payer<\/li>\n<li>Les rev\u00eatements de sol non respirants sont interdits<\/li>\n<li>Max 1 chien<\/li>\n<\/ul>\n<h3>T\u00e9l\u00e9charger<\/h3>\n<p><a href=\"https:\/\/campingwarandebvba.be\/wp-content\/uploads\/2026\/03\/Tarief2026Verkort.pdf\" target=\"_blank\" rel=\"noopener\"><img loading=\"lazy\" decoding=\"async\" class=\"alignleft wp-image-1194 size-full\" src=\"https:\/\/campingwarandebvba.be\/wp-content\/uploads\/2023\/03\/if_1-02_511559.png\" alt=\"\" width=\"128\" height=\"128\" \/><\/a><\/p>\n<p>&nbsp;<\/p>\n<p>&nbsp;<\/p>\n<p>&nbsp;<\/p>\n<p>&nbsp;<\/p>\n<p style=\"text-align: left;\"><img loading=\"lazy\" decoding=\"async\" class=\"size-full wp-image-913\" src=\"https:\/\/campingwarandebvba.be\/wp-content\/uploads\/2018\/02\/BC_logo_ORGNL_RGB-e1519503775259.png\" alt=\"\" width=\"87\" height=\"62\" \/> <img loading=\"lazy\" decoding=\"async\" class=\"size-medium wp-image-902\" src=\"https:\/\/campingwarandebvba.be\/wp-content\/uploads\/2018\/02\/if_visa_pay_2593668.png\" alt=\"\" width=\"59\" height=\"64\" \/> <img loading=\"lazy\" decoding=\"async\" class=\"size-medium wp-image-903\" src=\"https:\/\/campingwarandebvba.be\/wp-content\/uploads\/2018\/02\/if_visa-curved_38610.png\" alt=\"\" width=\"102\" height=\"64\" \/> <img loading=\"lazy\" decoding=\"async\" class=\"size-medium wp-image-901\" src=\"https:\/\/campingwarandebvba.be\/wp-content\/uploads\/2018\/02\/if_mastercard-curved_38602.png\" alt=\"\" width=\"102\" height=\"64\" \/> <img loading=\"lazy\" decoding=\"async\" class=\"size-full wp-image-900\" src=\"https:\/\/campingwarandebvba.be\/wp-content\/uploads\/2018\/02\/if_maestro-curved_38600.png\" alt=\"\" width=\"102\" height=\"64\" \/><\/p>\n","protected":false},"excerpt":{"rendered":"<p>Prix 2026 Caravane tractable \/ Mobilhome P\u00e9riode &#8211; prix par nuit 01\/07 &#8211; 31\/08 \u20ac 23,50 P\u00e2ques \/ Ascension\/ Pentec\u00f4te<a class=\"readmore\" href=\"https:\/\/campingwarandebvba.be\/fr\/prix\/\">En savoir plus &raquo;<\/a><\/p>\n","protected":false},"author":2,"featured_media":0,"parent":0,"menu_order":4,"comment_status":"closed","ping_status":"closed","template":"","meta":{"ngg_post_thumbnail":0,"footnotes":""},"class_list":["post-103","page","type-page","status-publish","hentry"],"_links":{"self":[{"href":"https:\/\/campingwarandebvba.be\/fr\/wp-json\/wp\/v2\/pages\/103","targetHints":{"allow":["GET"]}}],"collection":[{"href":"https:\/\/campingwarandebvba.be\/fr\/wp-json\/wp\/v2\/pages"}],"about":[{"href":"https:\/\/campingwarandebvba.be\/fr\/wp-json\/wp\/v2\/types\/page"}],"author":[{"embeddable":true,"href":"https:\/\/campingwarandebvba.be\/fr\/wp-json\/wp\/v2\/users\/2"}],"replies":[{"embeddable":true,"href":"https:\/\/campingwarandebvba.be\/fr\/wp-json\/wp\/v2\/comments?post=103"}],"version-history":[{"count":38,"href":"https:\/\/campingwarandebvba.be\/fr\/wp-json\/wp\/v2\/pages\/103\/revisions"}],"predecessor-version":[{"id":1630,"href":"https:\/\/campingwarandebvba.be\/fr\/wp-json\/wp\/v2\/pages\/103\/revisions\/1630"}],"wp:attachment":[{"href":"https:\/\/campingwarandebvba.be\/fr\/wp-json\/wp\/v2\/media?parent=103"}],"curies":[{"name":"wp","href":"https:\/\/api.w.org\/{rel}","templated":true}]}}