{"id":99,"date":"2014-11-18T16:45:36","date_gmt":"2014-11-18T15:45:36","guid":{"rendered":"http:\/\/www.campingwarandebvba.be\/?page_id=99"},"modified":"2019-09-19T15:18:32","modified_gmt":"2019-09-19T14:18:32","slug":"facilites","status":"publish","type":"page","link":"https:\/\/campingwarandebvba.be\/fr\/facilites\/","title":{"rendered":"Facilit\u00e9s"},"content":{"rendered":"<ul>\n<li>sanitaires modernes<\/li>\n<li>coin de b\u00e9b\u00e9<\/li>\n<li>douches avec thermostat r\u00e9glable<\/li>\n<li>eau chaude pour la vaisselle, etc&#8230;<\/li>\n<li>laverie automatique<\/li>\n<li>2 plaines de jeux pour les enfants<\/li>\n<li>2 terrains de p\u00e9tanque<\/li>\n<li>terrain surveill\u00e9<\/li>\n<li>wifi disponible: <a href=\"https:\/\/internet.citymesh.com\/en\/internet-prices\" target=\"_blank\" rel=\"noopener noreferrer\">Prix<\/a><\/li>\n<li>aire de service camping-car<\/li>\n<\/ul>\n","protected":false},"excerpt":{"rendered":"<p>sanitaires modernes coin de b\u00e9b\u00e9 douches avec thermostat r\u00e9glable eau chaude pour la vaisselle, etc&#8230; laverie automatique 2 plaines de<a class=\"readmore\" href=\"https:\/\/campingwarandebvba.be\/fr\/facilites\/\">En savoir plus &raquo;<\/a><\/p>\n","protected":false},"author":2,"featured_media":0,"parent":0,"menu_order":3,"comment_status":"closed","ping_status":"closed","template":"","meta":{"ngg_post_thumbnail":0,"footnotes":""},"class_list":["post-99","page","type-page","status-publish","hentry"],"_links":{"self":[{"href":"https:\/\/campingwarandebvba.be\/fr\/wp-json\/wp\/v2\/pages\/99","targetHints":{"allow":["GET"]}}],"collection":[{"href":"https:\/\/campingwarandebvba.be\/fr\/wp-json\/wp\/v2\/pages"}],"about":[{"href":"https:\/\/campingwarandebvba.be\/fr\/wp-json\/wp\/v2\/types\/page"}],"author":[{"embeddable":true,"href":"https:\/\/campingwarandebvba.be\/fr\/wp-json\/wp\/v2\/users\/2"}],"replies":[{"embeddable":true,"href":"https:\/\/campingwarandebvba.be\/fr\/wp-json\/wp\/v2\/comments?post=99"}],"version-history":[{"count":8,"href":"https:\/\/campingwarandebvba.be\/fr\/wp-json\/wp\/v2\/pages\/99\/revisions"}],"predecessor-version":[{"id":1008,"href":"https:\/\/campingwarandebvba.be\/fr\/wp-json\/wp\/v2\/pages\/99\/revisions\/1008"}],"wp:attachment":[{"href":"https:\/\/campingwarandebvba.be\/fr\/wp-json\/wp\/v2\/media?parent=99"}],"curies":[{"name":"wp","href":"https:\/\/api.w.org\/{rel}","templated":true}]}}